{"id":4840,"date":"2016-03-11T11:29:34","date_gmt":"2016-03-11T11:29:34","guid":{"rendered":"http:\/\/puco.at\/wordpress\/?page_id=4840"},"modified":"2023-12-13T15:39:20","modified_gmt":"2023-12-13T15:39:20","slug":"qualitaet","status":"publish","type":"page","link":"https:\/\/www.puco.at\/?page_id=4840","title":{"rendered":"Qualit\u00e4t"},"content":{"rendered":"<section class=\"l-section wpb_row height_medium\"><div class=\"l-section-h i-cf\"><div class=\"g-cols offset_small\"><div class=\" full-width\"><div class=\"g-cols wpb_row offset_small vc_inner \"><div class=\" full-width\"><div class=\"wpb_text_column \"><div class=\"wpb_wrapper\">\n<h2 style=\"text-align: center;\">Qualit\u00e4t<\/h2>\n<\/div> <\/div> <\/div><\/div><div class=\"g-cols wpb_row offset_small vc_inner \"><div class=\" one-half\"><div class=\"w-testimonial style_3 zitat\"><blockquote><q class=\"w-testimonial-text\">Unglaublich viele M\u00f6glichkeiten &#8230; nachhaltig, qualitativ hochwertig und optimiert von uns umgesetzt&#8230;<\/q><\/blockquote><\/div>[vc_empty_space]<div class=\"wpb_text_column \"><div class=\"wpb_wrapper\"><p>Wir sorgen daf\u00fcr, unsere Auswirkungen auf die Umwelt zu reduzieren und setzen umwelt- freundliche, nachhaltige Produkte und Verfahren ein. Durch kontinuierliche Verbesserung, hohes Qualit\u00e4tsbewusstsein sowie nachhaltiges und wirtschaftliches Handeln erzielen wir f\u00fcr unsere Kunden perfekte Beschichtungsergebnisse.<\/p>\n<p><strong>Anspruch<\/strong><br \/>\nWir verwenden ausschlie\u00dflich l\u00f6sungsmittelfreie und hochwertige Pulverlacke zur Oberfl\u00e4chenverg\u00fctung, welche keine gesundheitssch\u00e4dlichen D\u00e4mpfe f\u00fcr unsere Mitarbeiter und die Umwelt beim Verarbeitungsprozess freisetzen. Ihr veredeltes Produkt erzielt zudem nicht nur eine aus- gezeichnete Schutzwirkung gegen Korrosion und Witterungseinfl\u00fcsse, sondern weist ebenso eine gute Kratz- und Schlagfestigkeit auf.<\/p>\n<p><strong>Nachhaltigkeit<\/strong><br \/>\nDurch die Overspray-R\u00fcckgewinnung werden Pulverreste, die nicht am Werkst\u00fcck haften bleiben, abgesaugt, gereinigt und dem Beschichtungsprozess erneut zugef\u00fchrt. Automatisierte Verfahrensschritte sowie die Herstellung von hohen Schichtdicken in nur einem Arbeitsvorgang erm\u00f6glichen einen hohen Ausnutzungsgrad so- wie geringen Pulververlust und machen den Beschichtungsprozess wirtschaftlich und nachhaltig.<\/p>\n<p><strong>Qualit\u00e4t<\/strong><br \/>\nDurch permanente Prozess\u00fcberwachung und Qualit\u00e4tspr\u00fcfungen in unserem Labor sichern wir einen Qualit\u00e4tsstandard, der den hohen Anforderungen derzeit g\u00fcltiger Qualit\u00e4tsnormen f\u00fcr Oberfl\u00e4chentechnik (ofi CERT) entspricht. Eine prozessorientierte Ablauforganisation gew\u00e4hr- leistet optimale Planung und Terminpr\u00e4zision. Beratung und Fachwissen unseres Teams bieten Ihnen die Sicherheit kompetenter Auftragsabwicklung.<\/p><\/div> <\/div> <div class=\" one-half\"><\/div><\/div>[\/vc_column_inner]<div class=\" one-half\"><div class=\"w-image  align_right\"><img loading=\"lazy\" decoding=\"async\" width=\"600\" height=\"400\" src=\"https:\/\/www.puco.at\/wordpress\/wp-content\/uploads\/2016\/03\/qualitaet2-1-600x400.jpg\" class=\"attachment-tnail-masonry size-tnail-masonry\" alt=\"\" srcset=\"https:\/\/www.puco.at\/wordpress\/wp-content\/uploads\/2016\/03\/qualitaet2-1-600x400.jpg 600w, https:\/\/www.puco.at\/wordpress\/wp-content\/uploads\/2016\/03\/qualitaet2-1-300x200.jpg 300w, https:\/\/www.puco.at\/wordpress\/wp-content\/uploads\/2016\/03\/qualitaet2-1-1024x683.jpg 1024w, https:\/\/www.puco.at\/wordpress\/wp-content\/uploads\/2016\/03\/qualitaet2-1-768x512.jpg 768w, https:\/\/www.puco.at\/wordpress\/wp-content\/uploads\/2016\/03\/qualitaet2-1.jpg 1200w\" sizes=\"auto, (max-width: 600px) 100vw, 600px\" \/><\/div><\/div><\/div><\/div><\/div><\/div><\/section>\n","protected":false},"excerpt":{"rendered":"Qualit\u00e4t Unglaublich viele M\u00f6glichkeiten ... nachhaltig, qualitativ hochwertig und optimiert...","protected":false},"author":1,"featured_media":0,"parent":0,"menu_order":0,"comment_status":"closed","ping_status":"closed","template":"","meta":{"footnotes":""},"class_list":["post-4840","page","type-page","status-publish","hentry"],"_links":{"self":[{"href":"https:\/\/www.puco.at\/index.php?rest_route=\/wp\/v2\/pages\/4840","targetHints":{"allow":["GET"]}}],"collection":[{"href":"https:\/\/www.puco.at\/index.php?rest_route=\/wp\/v2\/pages"}],"about":[{"href":"https:\/\/www.puco.at\/index.php?rest_route=\/wp\/v2\/types\/page"}],"author":[{"embeddable":true,"href":"https:\/\/www.puco.at\/index.php?rest_route=\/wp\/v2\/users\/1"}],"replies":[{"embeddable":true,"href":"https:\/\/www.puco.at\/index.php?rest_route=%2Fwp%2Fv2%2Fcomments&post=4840"}],"version-history":[{"count":12,"href":"https:\/\/www.puco.at\/index.php?rest_route=\/wp\/v2\/pages\/4840\/revisions"}],"predecessor-version":[{"id":5380,"href":"https:\/\/www.puco.at\/index.php?rest_route=\/wp\/v2\/pages\/4840\/revisions\/5380"}],"wp:attachment":[{"href":"https:\/\/www.puco.at\/index.php?rest_route=%2Fwp%2Fv2%2Fmedia&parent=4840"}],"curies":[{"name":"wp","href":"https:\/\/api.w.org\/{rel}","templated":true}]}}