{"id":4834,"date":"2016-03-11T11:22:18","date_gmt":"2016-03-11T11:22:18","guid":{"rendered":"http:\/\/puco.at\/wordpress\/?page_id=4834"},"modified":"2023-12-13T15:39:27","modified_gmt":"2023-12-13T15:39:27","slug":"materialien","status":"publish","type":"page","link":"https:\/\/www.puco.at\/?page_id=4834","title":{"rendered":"Materialien"},"content":{"rendered":"<section class=\"l-section wpb_row height_medium with_img with_overlay\"><div class=\"l-section-img\" style=\"background-image: url(https:\/\/www.puco.at\/wordpress\/wp-content\/uploads\/2016\/03\/bg_green-1-1.jpg);background-position: top right;background-repeat: no-repeat;background-size: initial;\" data-img-width=\"1200\" data-img-height=\"1200\"><\/div><div class=\"l-section-overlay\" style=\"background-color: rgba(255,255,255,0.68)\"><\/div><div class=\"l-section-h i-cf\"><div class=\"g-cols offset_small\"><div class=\" full-width\"><div class=\"wpb_text_column \"><div class=\"wpb_wrapper\">\n<h2 style=\"text-align: center;\">Beschichtungsmaterialien<\/h2>\n<\/div> <\/div> <div class=\"g-cols wpb_row offset_small vc_inner \"><div class=\" one-half\"><div class=\"wpb_text_column \"><div class=\"wpb_wrapper\"><strong>Glanzgrad:<\/strong><\/p>\n<p>gl\u00e4nzend, seidengl\u00e4nzend, matt<\/p>\n<p><strong>Pulver f\u00fcr Innenanwendung:<\/strong><\/p>\n<ul>\n<li>Eioxid<\/li>\n<li>Polyester-Epoxid-Mischpulver<\/li>\n<li>Grundierpulver (Korroprimer)<\/li>\n<\/ul>\n<\/div> <\/div> <\/div><div class=\" one-half\"><div class=\"wpb_text_column \"><div class=\"wpb_wrapper\"><strong>Oberfl\u00e4chen:<\/strong><\/p>\n<p>glatt, Feinstruktur, Grobstruktur, Antique, Effektfarben<\/p>\n<p><strong>Pulver f\u00fcr Au\u00dfenanwendung:<\/strong><\/p>\n<ul>\n<li>Polyester<\/li>\n<li>Acrylat<\/li>\n<li>Polyurethan<\/li>\n<\/ul>\n<\/div> <\/div> <\/div><\/div><div class=\"g-cols wpb_row offset_small vc_inner \"><div class=\" full-width\">[vc_empty_space]<div class=\"wpb_text_column \"><div class=\"wpb_wrapper\">\n<h2 style=\"text-align: center;\">Vorteile<\/h2>\n<\/div> <\/div> <div class=\"w-separator type_short size_medium thick_1 style_solid color_border cont_icon\"><span class=\"w-separator-h\"><i class=\"fa fa-chevron-down\"><\/i><\/span><\/div><div class=\"wpb_text_column \"><div class=\"wpb_wrapper\">\n<ul>\n<li>Umweltfreundlichkeit (keine L\u00f6sungsmittel)<\/li>\n<li>Sehr hoher Korrosionsschutz bis C5<\/li>\n<li>Hohe mechanische und chemische Best\u00e4ndigkeit<\/li>\n<li>Hohe Witterungsbest\u00e4ndigkeit<\/li>\n<li>Hohe optische Oberfl\u00e4cheng\u00fcte<\/li>\n<li>Keine Rinner und Farbtropfen m\u00f6glich<\/li>\n<li>Sehr gute Haftung am Tr\u00e4germaterial<\/li>\n<li>Hohe Verformbarkeit ohne Abzusplittern<\/li>\n<\/ul>\n<\/div> <\/div> <\/div><\/div><\/div><\/div><\/div><\/section>\n","protected":false},"excerpt":{"rendered":"Beschichtungsmaterialien Glanzgrad: gl\u00e4nzend, seidengl\u00e4nzend, matt Pulver f\u00fcr Innenanwendung: Eioxid Polyester-Epoxid-Mischpulver...","protected":false},"author":1,"featured_media":0,"parent":0,"menu_order":0,"comment_status":"closed","ping_status":"closed","template":"","meta":{"footnotes":""},"class_list":["post-4834","page","type-page","status-publish","hentry"],"_links":{"self":[{"href":"https:\/\/www.puco.at\/index.php?rest_route=\/wp\/v2\/pages\/4834","targetHints":{"allow":["GET"]}}],"collection":[{"href":"https:\/\/www.puco.at\/index.php?rest_route=\/wp\/v2\/pages"}],"about":[{"href":"https:\/\/www.puco.at\/index.php?rest_route=\/wp\/v2\/types\/page"}],"author":[{"embeddable":true,"href":"https:\/\/www.puco.at\/index.php?rest_route=\/wp\/v2\/users\/1"}],"replies":[{"embeddable":true,"href":"https:\/\/www.puco.at\/index.php?rest_route=%2Fwp%2Fv2%2Fcomments&post=4834"}],"version-history":[{"count":13,"href":"https:\/\/www.puco.at\/index.php?rest_route=\/wp\/v2\/pages\/4834\/revisions"}],"predecessor-version":[{"id":5020,"href":"https:\/\/www.puco.at\/index.php?rest_route=\/wp\/v2\/pages\/4834\/revisions\/5020"}],"wp:attachment":[{"href":"https:\/\/www.puco.at\/index.php?rest_route=%2Fwp%2Fv2%2Fmedia&parent=4834"}],"curies":[{"name":"wp","href":"https:\/\/api.w.org\/{rel}","templated":true}]}}