{"id":4774,"date":"2016-03-01T10:38:46","date_gmt":"2016-03-01T10:38:46","guid":{"rendered":"http:\/\/puco.at\/wordpress\/?page_id=4774"},"modified":"2023-12-13T15:39:53","modified_gmt":"2023-12-13T15:39:53","slug":"firmenchronik","status":"publish","type":"page","link":"https:\/\/www.puco.at\/?page_id=4774","title":{"rendered":"Firmenchronik"},"content":{"rendered":"<section class=\"l-section wpb_row height_medium\"><div class=\"l-section-h i-cf\"><div class=\"g-cols offset_small\"><div class=\" full-width\"><div class=\"g-cols wpb_row offset_small vc_inner \"><div class=\" full-width\"><div class=\"wpb_text_column \"><div class=\"wpb_wrapper\">\n<h2 style=\"text-align: center;\">Unsere Geschichte<\/h2>\n<\/div> <\/div> <\/div><\/div><div class=\"g-cols wpb_row offset_small vc_inner \"><div class=\" one-third\"><div class=\"w-image \"><img loading=\"lazy\" decoding=\"async\" width=\"300\" height=\"208\" src=\"https:\/\/www.puco.at\/wordpress\/wp-content\/uploads\/2016\/03\/ueberUns_Chronik_firmensitz-1-300x208.jpg\" class=\"attachment-medium size-medium\" alt=\"\" srcset=\"https:\/\/www.puco.at\/wordpress\/wp-content\/uploads\/2016\/03\/ueberUns_Chronik_firmensitz-1-300x208.jpg 300w, https:\/\/www.puco.at\/wordpress\/wp-content\/uploads\/2016\/03\/ueberUns_Chronik_firmensitz-1-1024x711.jpg 1024w, https:\/\/www.puco.at\/wordpress\/wp-content\/uploads\/2016\/03\/ueberUns_Chronik_firmensitz-1-768x534.jpg 768w, https:\/\/www.puco.at\/wordpress\/wp-content\/uploads\/2016\/03\/ueberUns_Chronik_firmensitz-1-1536x1067.jpg 1536w, https:\/\/www.puco.at\/wordpress\/wp-content\/uploads\/2016\/03\/ueberUns_Chronik_firmensitz-1-2048x1423.jpg 2048w, https:\/\/www.puco.at\/wordpress\/wp-content\/uploads\/2016\/03\/ueberUns_Chronik_firmensitz-1-600x417.jpg 600w\" sizes=\"auto, (max-width: 300px) 100vw, 300px\" \/><\/div><\/div><div class=\" two-thirds\"><div class=\"w-tabs layout_timeline icon_chevron iconpos_right \"><div class=\"w-tabs-list items_5\"><div class=\"w-tabs-list-h\"><div class=\"w-tabs-item active\"><div class=\"w-tabs-item-h\"><span class=\"w-tabs-item-title\">1994<\/span><\/div><\/div>\n<div class=\"w-tabs-item\"><div class=\"w-tabs-item-h\"><span class=\"w-tabs-item-title\">1998<\/span><\/div><\/div>\n<div class=\"w-tabs-item\"><div class=\"w-tabs-item-h\"><span class=\"w-tabs-item-title\">2000<\/span><\/div><\/div>\n<div class=\"w-tabs-item\"><div class=\"w-tabs-item-h\"><span class=\"w-tabs-item-title\">2009<\/span><\/div><\/div>\n<div class=\"w-tabs-item\"><div class=\"w-tabs-item-h\"><span class=\"w-tabs-item-title\">2011<\/span><\/div><\/div>\n<\/div><\/div><div class=\"w-tabs-sections\"><div class=\"w-tabs-sections-h\"><div class=\"w-tabs-section active\"><div class=\"w-tabs-section-header\"><div class=\"w-tabs-section-header-h\"><h5 class=\"w-tabs-section-title\">1994<\/h5><div class=\"w-tabs-section-control\"><\/div><\/div><\/div><div class=\"w-tabs-section-content\"><div class=\"w-tabs-section-content-h i-cf\"><div class=\"wpb_text_column \"><div class=\"wpb_wrapper\"><p>Gr\u00fcndung des Unternehmens in einer Miethalle mit einer Produktionsfl\u00e4che von ca. 500 m\u00b2 in Wiener Neustadt.<\/p><\/div> <\/div> <\/div><\/div><\/div><div class=\"w-tabs-section\"><div class=\"w-tabs-section-header\"><div class=\"w-tabs-section-header-h\"><h5 class=\"w-tabs-section-title\">1998<\/h5><div class=\"w-tabs-section-control\"><\/div><\/div><\/div><div class=\"w-tabs-section-content\"><div class=\"w-tabs-section-content-h i-cf\"><div class=\"wpb_text_column \"><div class=\"wpb_wrapper\"><p>Errichtung des heutigen Standortes und Firmensitzes in Wiener Neustadt, Fritz-Pregl-Gasse.<\/p>\n<p>Verdoppelung der Produktionsfl\u00e4che auf 1100 m\u00b2<\/p><\/div> <\/div> <\/div><\/div><\/div><div class=\"w-tabs-section\"><div class=\"w-tabs-section-header\"><div class=\"w-tabs-section-header-h\"><h5 class=\"w-tabs-section-title\">2000<\/h5><div class=\"w-tabs-section-control\"><\/div><\/div><\/div><div class=\"w-tabs-section-content\"><div class=\"w-tabs-section-content-h i-cf\"><div class=\"wpb_text_column \"><div class=\"wpb_wrapper\"><p>Erweiterung der Produktionsfl\u00e4che auf \u00fcber 2000 m\u00b2<\/p><\/div> <\/div> <\/div><\/div><\/div><div class=\"w-tabs-section\"><div class=\"w-tabs-section-header\"><div class=\"w-tabs-section-header-h\"><h5 class=\"w-tabs-section-title\">2009<\/h5><div class=\"w-tabs-section-control\"><\/div><\/div><\/div><div class=\"w-tabs-section-content\"><div class=\"w-tabs-section-content-h i-cf\"><div class=\"wpb_text_column \"><div class=\"wpb_wrapper\"><p>Inbetriebnahme der neuen Duplex-Beschichtungsanlage<\/p><\/div> <\/div> <\/div><\/div><\/div><div class=\"w-tabs-section\"><div class=\"w-tabs-section-header\"><div class=\"w-tabs-section-header-h\"><h5 class=\"w-tabs-section-title\">2011<\/h5><div class=\"w-tabs-section-control\"><\/div><\/div><\/div><div class=\"w-tabs-section-content\"><div class=\"w-tabs-section-content-h i-cf\"><div class=\"wpb_text_column \"><div class=\"wpb_wrapper\"><p>Erweiterung der Produktionsfl\u00e4che auf \u00fcber 3000 m\u00b2<\/p><\/div> <\/div> <\/div><\/div><\/div><\/div><\/div><\/div><\/div><\/div><div class=\"g-cols wpb_row offset_small vc_inner \"><div class=\" full-width\"><div class=\"wpb_text_column \"><div class=\"wpb_wrapper\">\n<h2 style=\"text-align: center;\">Ein starkes Team, das t\u00e4glich sein Bestes gibt<\/h2>\n<\/div> <\/div> <div class=\"w-separator type_short size_medium thick_1 style_solid color_border cont_icon\"><span class=\"w-separator-h\"><i class=\"fa fa-chevron-down\"><\/i><\/span><\/div><div class=\"wpb_text_column \"><div class=\"wpb_wrapper\">\n<p style=\"text-align: left;\">Jeden Tag starten wir p\u00fcnktlich und voller Tatendrang in den Arbeitstag &#8211; und wenn es individuelle Auftr\u00e4ge erfordern, arbeiten wir auch gerne einmal etwas l\u00e4nger.\u00a0Weil wir Freude haben an dem was wir tun, weil wir als \u00a0 Team die besten Ergebnisse bringen. Das ist es, was unsere Kunden an uns sch\u00e4tzen.<\/p>\n<\/div> <\/div> <\/div><\/div><div class=\"g-cols wpb_row offset_small vc_inner \"><div class=\" full-width\"><div class=\"w-image  align_center\"><img loading=\"lazy\" decoding=\"async\" width=\"1980\" height=\"1131\" src=\"https:\/\/www.puco.at\/wordpress\/wp-content\/uploads\/2016\/03\/team-1.jpg\" class=\"attachment-full size-full\" alt=\"\" srcset=\"https:\/\/www.puco.at\/wordpress\/wp-content\/uploads\/2016\/03\/team-1.jpg 1980w, https:\/\/www.puco.at\/wordpress\/wp-content\/uploads\/2016\/03\/team-1-300x171.jpg 300w, https:\/\/www.puco.at\/wordpress\/wp-content\/uploads\/2016\/03\/team-1-1024x585.jpg 1024w, https:\/\/www.puco.at\/wordpress\/wp-content\/uploads\/2016\/03\/team-1-768x439.jpg 768w, https:\/\/www.puco.at\/wordpress\/wp-content\/uploads\/2016\/03\/team-1-1536x877.jpg 1536w, https:\/\/www.puco.at\/wordpress\/wp-content\/uploads\/2016\/03\/team-1-600x343.jpg 600w\" sizes=\"auto, (max-width: 1980px) 100vw, 1980px\" \/><\/div><\/div><\/div><\/div><\/div><\/div><\/section>\n","protected":false},"excerpt":{"rendered":"Unsere Geschichte 1994 1998 2000 2009 2011 1994Gr\u00fcndung des Unternehmens...","protected":false},"author":1,"featured_media":0,"parent":0,"menu_order":0,"comment_status":"closed","ping_status":"closed","template":"","meta":{"footnotes":""},"class_list":["post-4774","page","type-page","status-publish","hentry"],"_links":{"self":[{"href":"https:\/\/www.puco.at\/index.php?rest_route=\/wp\/v2\/pages\/4774","targetHints":{"allow":["GET"]}}],"collection":[{"href":"https:\/\/www.puco.at\/index.php?rest_route=\/wp\/v2\/pages"}],"about":[{"href":"https:\/\/www.puco.at\/index.php?rest_route=\/wp\/v2\/types\/page"}],"author":[{"embeddable":true,"href":"https:\/\/www.puco.at\/index.php?rest_route=\/wp\/v2\/users\/1"}],"replies":[{"embeddable":true,"href":"https:\/\/www.puco.at\/index.php?rest_route=%2Fwp%2Fv2%2Fcomments&post=4774"}],"version-history":[{"count":4,"href":"https:\/\/www.puco.at\/index.php?rest_route=\/wp\/v2\/pages\/4774\/revisions"}],"predecessor-version":[{"id":5381,"href":"https:\/\/www.puco.at\/index.php?rest_route=\/wp\/v2\/pages\/4774\/revisions\/5381"}],"wp:attachment":[{"href":"https:\/\/www.puco.at\/index.php?rest_route=%2Fwp%2Fv2%2Fmedia&parent=4774"}],"curies":[{"name":"wp","href":"https:\/\/api.w.org\/{rel}","templated":true}]}}