{"id":26,"date":"2016-03-01T07:44:13","date_gmt":"2016-03-01T07:44:13","guid":{"rendered":"http:\/\/puco.at\/wordpress\/?page_id=26"},"modified":"2023-12-13T15:38:34","modified_gmt":"2023-12-13T15:38:34","slug":"ueber-uns","status":"publish","type":"page","link":"https:\/\/www.puco.at\/?page_id=26","title":{"rendered":"\u00dcber uns"},"content":{"rendered":"<section class=\"l-section wpb_row height_auto with_img with_overlay\"><div class=\"l-section-img\" style=\"background-image: url(https:\/\/www.puco.at\/wordpress\/wp-content\/uploads\/2016\/03\/bg_sm_orange-1.png);background-position: center left;background-repeat: no-repeat;background-size: contain;\" data-img-width=\"1200\" data-img-height=\"1341\"><\/div><div class=\"l-section-overlay\" style=\"background-color: rgba(255,255,255,0.69)\"><\/div><div class=\"l-section-h i-cf\"><div class=\"g-cols offset_small\"><div class=\" full-width\"><div class=\"g-cols wpb_row offset_medium vc_inner  vc_custom_1456827914595\"><div class=\" one-half  vc_custom_1456828041719\"><div class=\"w-testimonial style_3 zitat\"><blockquote><q class=\"w-testimonial-text\">Was ist das Entscheidende, um mit dem was man gerne tut, auch Erfolg zu haben? F\u00fcr uns ist es die Leidenschaft, sie ist unser Antrieb und die Emotion die uns verbindet &#8211; mit unserer Familie, unserem Beruf, unseren Mitarbeitern und Kunden.<\/q><div class=\"w-testimonial-person\"><span class=\"w-testimonial-person-name\"><span>Albert und Felizitas Hammer<\/span><\/span><\/div><\/blockquote><\/div><\/div><div class=\" one-half\"><div class=\"w-image  align_right\"><img loading=\"lazy\" decoding=\"async\" width=\"600\" height=\"363\" src=\"https:\/\/www.puco.at\/wordpress\/wp-content\/uploads\/2023\/03\/hammers2022-600x363.jpg\" class=\"attachment-tnail-masonry size-tnail-masonry\" alt=\"Fam. Hammer\" srcset=\"https:\/\/www.puco.at\/wordpress\/wp-content\/uploads\/2023\/03\/hammers2022-600x363.jpg 600w, https:\/\/www.puco.at\/wordpress\/wp-content\/uploads\/2023\/03\/hammers2022-300x182.jpg 300w, https:\/\/www.puco.at\/wordpress\/wp-content\/uploads\/2023\/03\/hammers2022-768x465.jpg 768w, https:\/\/www.puco.at\/wordpress\/wp-content\/uploads\/2023\/03\/hammers2022.jpg 800w\" sizes=\"auto, (max-width: 600px) 100vw, 600px\" \/><\/div><div class=\"wpb_text_column  vc_custom_1456827208019\"><div class=\"wpb_wrapper\">\n<p style=\"text-align: center;\"><strong>Fam.Hammer<\/strong><\/p>\n<\/div> <\/div> <\/div><\/div><div class=\"wpb_text_column \"><div class=\"wpb_wrapper\">\n<h2 style=\"text-align: center;\">Wir \u00fcber uns<\/h2>\n<\/div> <\/div> <div class=\"w-separator type_short size_medium thick_1 style_solid color_border cont_icon\"><span class=\"w-separator-h\"><i class=\"fa fa-chevron-down\"><\/i><\/span><\/div><div class=\"wpb_text_column \"><div class=\"wpb_wrapper\"><p>Als mittelst\u00e4ndisches, familiengef\u00fchrtes Unternehmen mit Standort in Wiener Neustadt sind wir seit \u00fcber 20 Jahren erfolgreich am Markt t\u00e4tig und im nieder\u00f6sterreichischen Wirtschaftsraum nicht mehr wegzudenken.<br \/>\nNeben der Standard- beschichtung von Industrieprodukten haben wir die vielf\u00e4ltigsten M\u00f6glichkeiten f\u00fcr unsere Kunden individuelle Sonderprodukte in Gro\u00df- oder Kleinserie und auch gerne als Einzelst\u00fccke qualitativ hochwertig zu beschichten.<\/p>\n<p>Sie werden \u00fcberrascht sein, wozu moderne Beschichtungstechnologie im Stande ist. Bei uns sehen Sie den Unterschied.<\/p><\/div> <\/div> <div class=\"wpb_text_column \"><div class=\"wpb_wrapper\">\n<h2 style=\"text-align: center;\">Was uns begeistert<\/h2>\n<\/div> <\/div> <div class=\"w-separator type_short size_medium thick_1 style_solid color_border cont_icon\"><span class=\"w-separator-h\"><i class=\"fa fa-chevron-down\"><\/i><\/span><\/div><div class=\"wpb_text_column  vc_custom_1465311911798\"><div class=\"wpb_wrapper\"><p>Die Behandlung von metallischen Oberfl\u00e4chen ist ein spannender und vielf\u00e4ltiger Bereich, der sich in den letzten Jahren sehr ver\u00e4ndert hat. Nicht zuletzt durch die gewachsenen Anspr\u00fcche an Individualit\u00e4t und Qualit\u00e4t sowie den Fokus auf umweltfreundliche und nachhaltige Bearbeitung. Pulverbeschichtung verbindet diese Aspekte mit hoher Wirtschaftlichkeit und dekorativer Optik.<\/p>\n<p>Sie erm\u00f6glicht uns somit ungeahnte technische Einsatzm\u00f6glichkeiten, z.B. die Veredelung von Glasflaschen. Und genau das ist es was uns begeistert: die Vielseitigkeit und M\u00f6glichkeit, neue Wege einzuschlagen.<\/p><\/div> <\/div> <\/div><\/div><\/div><\/section>\n","protected":false},"excerpt":{"rendered":"Was ist das Entscheidende, um mit dem was man gerne...","protected":false},"author":1,"featured_media":0,"parent":0,"menu_order":0,"comment_status":"closed","ping_status":"closed","template":"","meta":{"footnotes":""},"class_list":["post-26","page","type-page","status-publish","hentry"],"_links":{"self":[{"href":"https:\/\/www.puco.at\/index.php?rest_route=\/wp\/v2\/pages\/26","targetHints":{"allow":["GET"]}}],"collection":[{"href":"https:\/\/www.puco.at\/index.php?rest_route=\/wp\/v2\/pages"}],"about":[{"href":"https:\/\/www.puco.at\/index.php?rest_route=\/wp\/v2\/types\/page"}],"author":[{"embeddable":true,"href":"https:\/\/www.puco.at\/index.php?rest_route=\/wp\/v2\/users\/1"}],"replies":[{"embeddable":true,"href":"https:\/\/www.puco.at\/index.php?rest_route=%2Fwp%2Fv2%2Fcomments&post=26"}],"version-history":[{"count":7,"href":"https:\/\/www.puco.at\/index.php?rest_route=\/wp\/v2\/pages\/26\/revisions"}],"predecessor-version":[{"id":5359,"href":"https:\/\/www.puco.at\/index.php?rest_route=\/wp\/v2\/pages\/26\/revisions\/5359"}],"wp:attachment":[{"href":"https:\/\/www.puco.at\/index.php?rest_route=%2Fwp%2Fv2%2Fmedia&parent=26"}],"curies":[{"name":"wp","href":"https:\/\/api.w.org\/{rel}","templated":true}]}}