{"id":22,"date":"2016-02-29T16:59:26","date_gmt":"2016-02-29T16:59:26","guid":{"rendered":"http:\/\/puco.at\/wordpress\/?page_id=10"},"modified":"2023-12-13T15:39:33","modified_gmt":"2023-12-13T15:39:33","slug":"leistungen","status":"publish","type":"page","link":"https:\/\/www.puco.at\/?page_id=22","title":{"rendered":"Leistungen"},"content":{"rendered":"<section class=\"l-section wpb_row height_small with_img with_overlay\"><div class=\"l-section-img\" style=\"background-image: url(https:\/\/www.puco.at\/wordpress\/wp-content\/uploads\/2016\/03\/bg_sm_orange-1.png);background-position: top right;background-repeat: no-repeat;background-size: initial;\" data-img-width=\"1200\" data-img-height=\"1341\"><\/div><div class=\"l-section-overlay\" style=\"background-color: rgba(255,255,255,0.68)\"><\/div><div class=\"l-section-h i-cf\"><div class=\"g-cols offset_small\"><div class=\" full-width\"><div class=\"wpb_text_column \"><div class=\"wpb_wrapper\">\n<h2 style=\"text-align: center;\">Werkst\u00fcckgr\u00f6\u00dfen<\/h2>\n<\/div> <\/div> <div class=\"g-cols wpb_row offset_small vc_inner \"><div class=\" one-half\"><div class=\"wpb_text_column \"><div class=\"wpb_wrapper\"><p>In unserer leistungsf\u00e4higen Produktionsanlage beschichten wir serienm\u00e4\u00dfig bis zu 4 Meter lange Objekte mit einem St\u00fcckgewicht von bis zu 600 kg. \u00dcberma\u00dfe fertigen wir gerne auf Anfrage.<\/p>\n<p><strong>Standardma\u00df:<\/strong><\/p>\n<p>L 4.000 x H 1.800 x T 800 mm<\/p>\n<p><strong>Sonderma\u00dfe:<\/strong><\/p>\n<p>L 8.000 x H 2.000 x T 1.000 mm Klein- und Serienteile:<\/p>\n<p>L 1.600 x H 1.200 x T 300 mm<\/p><\/div> <\/div> <\/div><div class=\" one-half\"><div class=\"w-slider\"><div class=\"royalSlider rsDefault\"><a class=\"rsImg\" data-rsw=\"600\" data-rsh=\"596\" data-rsBigImg=\"https:\/\/www.puco.at\/wordpress\/wp-content\/uploads\/2016\/03\/technologie1-1.jpg\" href=\"https:\/\/www.puco.at\/wordpress\/wp-content\/uploads\/2016\/03\/technologie1-1-600x596.jpg\"><\/a><a class=\"rsImg\" data-rsw=\"600\" data-rsh=\"684\" data-rsBigImg=\"https:\/\/www.puco.at\/wordpress\/wp-content\/uploads\/2016\/03\/technologie3-1.jpg\" href=\"https:\/\/www.puco.at\/wordpress\/wp-content\/uploads\/2016\/03\/technologie3-1-600x684.jpg\"><\/a><\/div><div class=\"w-slider-json\" onclick='return {&quot;transitionSpeed&quot;:300,&quot;loopRewind&quot;:true,&quot;slidesSpacing&quot;:0,&quot;imageScalePadding&quot;:0,&quot;numImagesToPreload&quot;:2,&quot;arrowsNav&quot;:true,&quot;arrowsNavAutoHide&quot;:false,&quot;transitionType&quot;:&quot;move&quot;,&quot;controlNavigation&quot;:&quot;bullets&quot;,&quot;autoplay&quot;:{&quot;enabled&quot;:true,&quot;pauseOnHover&quot;:true,&quot;delay&quot;:3500},&quot;fullscreen&quot;:{&quot;enabled&quot;:true},&quot;imageScaleMode&quot;:&quot;fit-if-smaller&quot;,&quot;autoScaleSlider&quot;:true,&quot;autoScaleSliderWidth&quot;:600,&quot;autoScaleSliderHeight&quot;:596,&quot;fitInViewport&quot;:false}'><\/div><\/div><\/div><\/div>[vc_empty_space height=&#8220;50px&#8220;]<div class=\"wpb_text_column \"><div class=\"wpb_wrapper\">\n<h2 style=\"text-align: center;\">Zusatzdienste<\/h2>\n<\/div> <\/div> <div class=\"w-separator type_short size_medium thick_1 style_solid color_border cont_icon\"><span class=\"w-separator-h\"><i class=\"fa fa-chevron-down\"><\/i><\/span><\/div><div class=\"g-cols wpb_row offset_small vc_inner \"><div class=\" one-half\"><div class=\"wpb_text_column \"><div class=\"wpb_wrapper\"><strong>Folgende Zusatzleistungen erledigen wir auf Wunsch gerne f\u00fcr Sie:<\/strong><\/p>\n<ul>\n<li>Maskierungsarbeiten (abdecken nicht beschichteter Fl\u00e4chen)<\/li>\n<li>Einzelverpackung, Blistern, Etikettieren, Komplettieren<\/li>\n<li>Hohlraumversiegelungen<\/li>\n<li>Waren-Abholung bzw. Lieferung<\/li>\n<\/ul>\n<\/div> <\/div> <\/div><div class=\" one-half\"><\/div><\/div><\/div><\/div><\/div><\/section>\n","protected":false},"excerpt":{"rendered":"Werkst\u00fcckgr\u00f6\u00dfen In unserer leistungsf\u00e4higen Produktionsanlage beschichten wir serienm\u00e4\u00dfig bis zu...","protected":false},"author":1,"featured_media":0,"parent":0,"menu_order":0,"comment_status":"closed","ping_status":"closed","template":"","meta":{"footnotes":""},"class_list":["post-22","page","type-page","status-publish","hentry"],"_links":{"self":[{"href":"https:\/\/www.puco.at\/index.php?rest_route=\/wp\/v2\/pages\/22","targetHints":{"allow":["GET"]}}],"collection":[{"href":"https:\/\/www.puco.at\/index.php?rest_route=\/wp\/v2\/pages"}],"about":[{"href":"https:\/\/www.puco.at\/index.php?rest_route=\/wp\/v2\/types\/page"}],"author":[{"embeddable":true,"href":"https:\/\/www.puco.at\/index.php?rest_route=\/wp\/v2\/users\/1"}],"replies":[{"embeddable":true,"href":"https:\/\/www.puco.at\/index.php?rest_route=%2Fwp%2Fv2%2Fcomments&post=22"}],"version-history":[{"count":1,"href":"https:\/\/www.puco.at\/index.php?rest_route=\/wp\/v2\/pages\/22\/revisions"}],"predecessor-version":[{"id":4979,"href":"https:\/\/www.puco.at\/index.php?rest_route=\/wp\/v2\/pages\/22\/revisions\/4979"}],"wp:attachment":[{"href":"https:\/\/www.puco.at\/index.php?rest_route=%2Fwp%2Fv2%2Fmedia&parent=22"}],"curies":[{"name":"wp","href":"https:\/\/api.w.org\/{rel}","templated":true}]}}