{"id":20,"date":"2016-02-03T04:08:41","date_gmt":"2016-02-03T04:08:41","guid":{"rendered":"http:\/\/wp442m.a10-52-158-154.qa.plesk.ru\/wordpress\/?page_id=2"},"modified":"2023-12-13T15:38:04","modified_gmt":"2023-12-13T15:38:04","slug":"sample-page","status":"publish","type":"page","link":"https:\/\/www.puco.at\/","title":{"rendered":"Startseite"},"content":{"rendered":"<section class=\"l-section wpb_row height_auto\" style=\"margin-top: -10px !important;\"><div class=\"l-section-h i-cf\"><div class=\"g-cols offset_small\"><div class=\" one-half  vc_custom_1474304643310 vc_hidden-sm vc_hidden-xs\">[vc_empty_space height=&#8220;10&#8243;]<\/div><div class=\" one-half  vc_custom_1474305006332 vc_hidden-sm vc_hidden-xs\"><\/div><\/div><\/div><\/section><section class=\"l-section wpb_row height_medium with_img\" style=\"margin-top: -150px !important;padding-top: 200px !important;padding-bottom: 100px !important;\"><div class=\"l-section-img\" style=\"background-image: url(https:\/\/www.puco.at\/wordpress\/wp-content\/uploads\/2016\/03\/bg_2-1.jpg);background-position: top center;background-repeat: no-repeat;background-size: initial;\" data-img-width=\"2000\" data-img-height=\"1070\"><\/div><div class=\"l-section-h i-cf\"><div class=\"g-cols offset_small\"><div class=\" two-thirds animate_aft d2  vc_custom_1465313971029\"><div class=\"wpb_text_column  vc_custom_1456819303690 home_titelbildschrift\"><div class=\"wpb_wrapper\">\n<h1>FASZINATION<br \/>\nPULVERLACKE<\/h1>\n<h2>Wir beschichten aus Leidenschaft<\/h2>\n<\/div> <\/div> <div class=\"w-btn-wrapper align_left\"><a class=\"w-btn style_solid color_secondary icon_atleft\" href=\"http:\/\/www.puco.at\/wordpress\/?page_id=21\" title=\"Kontaktieren Sie uns\" style=\"font-size: 18px;\"><i class=\"fa fa-chevron-circle-right\"><\/i><span class=\"w-btn-label\">JETZT ANFRAGE STARTEN<\/span><\/a><\/div><\/div><div class=\" one-third  vc_custom_1465315545184 vc_hidden-xs puco_newsList\"><div class=\"g-cols wpb_row offset_small vc_inner \"><div class=\" full-width\"><div class=\"wpb_text_column  vc_custom_1465318229258\"><div class=\"wpb_wrapper\">\n<h5 style=\"text-align: center;\">Aktuelles<\/h5>\n<\/div> <\/div> <\/div><\/div><div class=\"w-separator type_default size_small thick_1 style_dotted color_border cont_icon\"><span class=\"w-separator-h\"><i class=\"fa fa-chevron-down\"><\/i><\/span><\/div><div class=\"w-blog layout_compact cols_1\" itemscope=\"itemscope\" itemtype=\"https:\/\/schema.org\/Blog\"><div class=\"w-blog-list\">\n\n<article class=\"w-blog-post aktuelles post-5249 post type-post status-publish format-standard has-post-thumbnail sticky hentry category-aktuelles\" data-id=\"5249\" data-categories=\"aktuelles\">\n\t<div class=\"w-blog-post-h\">\n\t\t<div class=\"w-blog-post-body\">\n\t\t\t<h2 class=\"w-blog-post-title\"style=\"font-size: 16px\">\n\t\t\t\t<a class=\"entry-title\" rel=\"bookmark\" href=\"https:\/\/www.puco.at\/?p=5249\">Unsere Qualit\u00e4t &#8211; zertifiziert nach h\u00f6chstem IQC &#8211; Level!<\/a>\n\t\t\t<\/h2>\n\t\t\t<div class=\"w-blog-post-meta\">\n\t\t\t\t<time class=\"w-blog-post-meta-date date updated\">20. Juni 2017<\/time><span class=\"w-blog-post-meta-author vcard author hidden\"><a href=\"https:\/\/www.puco.at\/?author=1\" class=\"fn\">puco<\/a><\/span>\t\t\t<\/div>\n\t\t<\/div>\n\t<\/div>\n<\/article>\n\n\n\n<article class=\"w-blog-post aktuelles post-5372 post type-post status-publish format-standard hentry category-aktuelles\" data-id=\"5372\" data-categories=\"aktuelles\">\n\t<div class=\"w-blog-post-h\">\n\t\t<div class=\"w-blog-post-body\">\n\t\t\t<h2 class=\"w-blog-post-title\"style=\"font-size: 16px\">\n\t\t\t\t<a class=\"entry-title\" rel=\"bookmark\" href=\"https:\/\/www.puco.at\/?p=5372\">&#8222;Pulver-Color&#8220; wird zu &#8222;Puco&#8220;&#8230;<\/a>\n\t\t\t<\/h2>\n\t\t\t<div class=\"w-blog-post-meta\">\n\t\t\t\t<time class=\"w-blog-post-meta-date date updated\">1. September 2023<\/time><span class=\"w-blog-post-meta-author vcard author hidden\"><a href=\"https:\/\/www.puco.at\/?author=1\" class=\"fn\">puco<\/a><\/span>\t\t\t<\/div>\n\t\t<\/div>\n\t<\/div>\n<\/article>\n\n<\/div><\/div><\/div><\/div><\/div><\/section><section class=\"l-section wpb_row height_medium with_overlay\" style=\"margin-top: -100px !important;\"><div class=\"l-section-overlay\" style=\"background-color: #ffffff\"><\/div><div class=\"l-section-h i-cf\"><div class=\"g-cols offset_small\"><div class=\" full-width  vc_custom_1465307997522 puco_heading\"><div class=\"wpb_text_column \"><div class=\"wpb_wrapper\">\n<h1 style=\"text-align: center;\">Unsere wichtigsten Eigenschaften<\/h1>\n<\/div> <\/div> <div class=\"w-separator type_short size_medium thick_1 style_solid color_border cont_icon\"><span class=\"w-separator-h\"><i class=\"fa fa-chevron-down\"><\/i><\/span><\/div><\/div><div class=\" full-width\"><div class=\"g-cols wpb_row offset_small vc_inner \"><div class=\" one-third\"><div class=\"w-iconbox iconpos_top size_medium style_outlined color_primary\"><a class=\"w-iconbox-link\" href=\"http:\/\/www.puco.at\/wordpress\/?page_id=26\"><div class=\"w-iconbox-icon\"><i class=\"fa fa-exchange\"><\/i><\/div><h4 class=\"w-iconbox-title\">Flexibilit\u00e4t<\/h4><\/a><\/div><\/div><div class=\" one-third\"><div class=\"w-iconbox iconpos_top size_medium style_outlined color_primary\"><a class=\"w-iconbox-link\" href=\"http:\/\/www.puco.at\/wordpress\/?page_id=4840\"><div class=\"w-iconbox-icon\"><i class=\"fa fa-thumbs-o-up\"><\/i><\/div><h4 class=\"w-iconbox-title\">Qualit\u00e4t<\/h4><\/a><\/div><\/div><div class=\" one-third\"><div class=\"w-iconbox iconpos_top size_medium style_outlined color_primary\"><a class=\"w-iconbox-link\" href=\"http:\/\/www.puco.at\/wordpress\/?page_id=4774\"><div class=\"w-iconbox-icon\"><i class=\"fa fa-calendar\"><\/i><\/div><h4 class=\"w-iconbox-title\">Termintreue<\/h4><\/a><\/div><\/div><\/div><\/div><\/div><\/div><\/section><section class=\"l-section wpb_row height_auto\"><div class=\"l-section-h i-cf\"><div class=\"g-cols offset_small\"><div class=\" full-width\"><div class=\"wpb_text_column \"><div class=\"wpb_wrapper\"><p>Als mittelst\u00e4ndisches, familiengef\u00fchrtes Unternehmen mit Standort in Wiener Neustadt sind wir seit \u00fcber 20 Jahren ein verl\u00e4sslicher Partner f\u00fcr unsere Kunden und bieten neben der Standard-Pulverbeschichtung von Industrieprodukten die vielf\u00e4ltigsten M\u00f6glichkeiten&#8230;<\/p>\n<p>Sie werden \u00fcberrascht sein, wozu moderne Beschichtungstechnologie im Stande ist. Bei uns sehen Sie den Unterschied!<\/p><\/div> <\/div> <\/div><div class=\" full-width\"><div class=\"w-separator type_short size_medium thick_1 style_solid color_border cont_icon\"><span class=\"w-separator-h\"><i class=\"fa fa-chevron-down\"><\/i><\/span><\/div><\/div><\/div><\/div><\/section><section class=\"l-section wpb_row height_auto\"><div class=\"l-section-h i-cf\"><div class=\"g-cols offset_small\"><div class=\" full-width\"><div class=\"w-btn-wrapper align_center\"><a class=\"w-btn style_outlined color_primary icon_none\" href=\"http:\/\/puco.at\/wordpress\/?page_id=26\"><span class=\"w-btn-label\">mehr erfahren<\/span><\/a><\/div><\/div><\/div><\/div><\/section>\n","protected":false},"excerpt":{"rendered":"Vielen von Ihnen sind wir, die\u00a0Firma Pulver-Color, seit vielen Jahren...","protected":false},"author":1,"featured_media":0,"parent":0,"menu_order":0,"comment_status":"closed","ping_status":"closed","template":"","meta":{"footnotes":""},"class_list":["post-20","page","type-page","status-publish","hentry"],"_links":{"self":[{"href":"https:\/\/www.puco.at\/index.php?rest_route=\/wp\/v2\/pages\/20","targetHints":{"allow":["GET"]}}],"collection":[{"href":"https:\/\/www.puco.at\/index.php?rest_route=\/wp\/v2\/pages"}],"about":[{"href":"https:\/\/www.puco.at\/index.php?rest_route=\/wp\/v2\/types\/page"}],"author":[{"embeddable":true,"href":"https:\/\/www.puco.at\/index.php?rest_route=\/wp\/v2\/users\/1"}],"replies":[{"embeddable":true,"href":"https:\/\/www.puco.at\/index.php?rest_route=%2Fwp%2Fv2%2Fcomments&post=20"}],"version-history":[{"count":96,"href":"https:\/\/www.puco.at\/index.php?rest_route=\/wp\/v2\/pages\/20\/revisions"}],"predecessor-version":[{"id":5391,"href":"https:\/\/www.puco.at\/index.php?rest_route=\/wp\/v2\/pages\/20\/revisions\/5391"}],"wp:attachment":[{"href":"https:\/\/www.puco.at\/index.php?rest_route=%2Fwp%2Fv2%2Fmedia&parent=20"}],"curies":[{"name":"wp","href":"https:\/\/api.w.org\/{rel}","templated":true}]}}